{"id":59,"date":"2016-10-28T09:43:41","date_gmt":"2016-10-28T07:43:41","guid":{"rendered":"http:\/\/www.bocciasrl.com\/?page_id=59"},"modified":"2026-03-06T09:49:05","modified_gmt":"2026-03-06T08:49:05","slug":"qualita-e-certificazioni","status":"publish","type":"page","link":"https:\/\/www.bocciasrl.com\/index.php\/qualita-e-certificazioni\/","title":{"rendered":"Qualit\u00e0 e certificazioni"},"content":{"rendered":"<p>[vc_row][vc_column][vc_column_text]<\/p>\n<h2 style=\"text-align: center;\">Qualit\u00e0 e Certificazioni<\/h2>\n<p><span style=\"font-weight: 400;\"><br \/>\nLa qualit\u00e0 \u00e8 al centro della nostra filosofia aziendale.<\/span><span style=\"font-weight: 400;\"><br \/>\n<\/span><span style=\"font-weight: 400;\">Il nostro obiettivo primario \u00e8 <\/span><b>rispondere in modo sempre pi\u00f9 efficace alle esigenze dei clienti<\/b><span style=\"font-weight: 400;\">, offrendo <\/span><b>servizi affidabili, puntuali e realizzati a regola d\u2019arte<\/b><span style=\"font-weight: 400;\">, nel pieno rispetto degli standard tecnici e dei tempi di consegna.<\/span><\/p>\n<p><span style=\"font-weight: 400;\">Per garantire questi risultati, la Direzione ha sviluppato un <\/span><b>Sistema di Gestione per la Qualit\u00e0<\/b><span style=\"font-weight: 400;\"> volto a:<\/span><\/p>\n<ul>\n<li style=\"font-weight: 400;\" aria-level=\"1\"><span style=\"font-weight: 400;\">migliorare <\/span><b>efficienza ed efficacia dei processi interni<\/b><span style=\"font-weight: 400;\">,<\/span><\/li>\n<li style=\"font-weight: 400;\" aria-level=\"1\"><span style=\"font-weight: 400;\">potenziare le <\/span><b>competenze del personale<\/b><span style=\"font-weight: 400;\">,<\/span><\/li>\n<li style=\"font-weight: 400;\" aria-level=\"1\"><span style=\"font-weight: 400;\">ottimizzare le <\/span><b>procedure organizzative<\/b><span style=\"font-weight: 400;\">,<\/span><\/li>\n<li style=\"font-weight: 400;\" aria-level=\"1\"><span style=\"font-weight: 400;\">prevenire eventuali <\/span><b>non conformit\u00e0<\/b><span style=\"font-weight: 400;\"> e ridurre al minimo costi, scarti e rilavorazioni.<\/span><\/li>\n<\/ul>\n<p><span style=\"font-weight: 400;\">Ogni risorsa aziendale, a tutti i livelli, \u00e8 parte integrante di questo percorso di <\/span><b>miglioramento continuo<\/b><span style=\"font-weight: 400;\">, condividendo la visione e gli obiettivi della Direzione.<\/span><\/p>\n<p><span style=\"font-weight: 400;\">La costante attenzione verso <\/span><b>ambiente, sicurezza, trasparenza e legalit\u00e0<\/b><span style=\"font-weight: 400;\"> ha permesso all\u2019azienda di ottenere <\/span><b>numerose certificazioni e riconoscimenti ufficiali<\/b><span style=\"font-weight: 400;\">.<\/span><\/p>\n<p><span style=\"font-weight: 400;\">Queste certificazioni rappresentano la testimonianza concreta del nostro <\/span><b>impegno per la qualit\u00e0, la sostenibilit\u00e0 e l\u2019etica professionale<\/b><span style=\"font-weight: 400;\">, valori che guidano ogni giorno il nostro modo di operare.<\/span>[\/vc_column_text][\/vc_column][\/vc_row][vc_row full_width=&#8221;true&#8221; dt_id=&#8221;perche&#8221; row_text_color=&#8221;#ffffff&#8221; row_head_color=&#8221;#ffffff&#8221; css=&#8221;.vc_custom_1501167468566{margin-top: 40px !important;margin-bottom: 40px !important;background: #3a3a3b url(http:\/\/www.bocciasrl.com\/wp-content\/uploads\/2016\/10\/certificazioni-boccia.jpg?id=328) !important;background-position: center !important;background-repeat: no-repeat !important;background-size: cover !important;}&#8221;][vc_column][vc_row_inner css=&#8221;.vc_custom_1501167479960{padding-top: 80px !important;padding-bottom: 80px !important;background-color: rgba(2,104,62,0.67) !important;*background-color: rgb(2,104,62) !important;}&#8221;][vc_column_inner][vc_column_text]<\/p>\n<p style=\"text-align: center;\"><span style=\"color: #ffffff;\">Il download di quanto citato \u00e8 disponibile attraverso i link che seguono:<\/span><\/p>\n<h4 class=\"ovcert\" style=\"text-align: center;\"><span style=\"color: #ffffff;\"><a class=\"ovcert\" style=\"color: #ffffff;\" href=\"http:\/\/bocciasrl.com\/wp-content\/uploads\/2025\/11\/BOCCIA S.R.L..pdf\">Soa \u21d3<\/a><\/span><\/h4>\n<h4 class=\"ovcert\" style=\"text-align: center;\"><span style=\"color: #ffffff;\"><a class=\"ovcert\" style=\"color: #ffffff;\" href=\"http:\/\/bocciasrl.com\/wp-content\/uploads\/2025\/11\/BOCCIA SRL ISO 9001.pdf\">Iso 9001 \u21d3<\/a><\/span><\/h4>\n<h4 class=\"ovcert\" style=\"text-align: center;\"><span style=\"color: #ffffff;\"><a class=\"ovcert\" style=\"color: #ffffff;\" href=\"http:\/\/bocciasrl.com\/wp-content\/uploads\/2025\/11\/BOCCIA SRL_ISO 14001.PDF\">Iso 14001 \u21d3<\/a><\/span><\/h4>\n<h4 class=\"ovcert\" style=\"text-align: center;\"><span style=\"color: #ffffff;\"><a class=\"ovcert\" style=\"color: #ffffff;\" href=\"http:\/\/bocciasrl.com\/wp-content\/uploads\/2025\/11\/BOCCIA SRL_ISO 45001.pdf\">Iso 45001 \u21d3<\/a><\/span><\/h4>\n<h4 class=\"ovcert\" style=\"text-align: center;\"><span style=\"color: #ffffff;\"><a class=\"ovcert\" style=\"color: #ffffff;\" href=\"http:\/\/bocciasrl.com\/wp-content\/uploads\/2025\/11\/BOCCIA SA8000.pdf\">SA 8000 \u21d3<\/a><\/span><\/h4>\n<h4 class=\"ovcert\" style=\"text-align: center;\"><span style=\"color: #ffffff;\"><a class=\"ovcert\" style=\"color: #ffffff;\" href=\"http:\/\/bocciasrl.com\/wp-content\/uploads\/2025\/11\/BOCCIA SRL ISO 37001.pdf\">Iso 37001 \u21d3<\/a><\/span><\/h4>\n<h4 class=\"ovcert\" style=\"text-align: center;\"><span style=\"color: #ffffff;\"><a class=\"ovcert\" style=\"color: #ffffff;\" href=\"http:\/\/bocciasrl.com\/wp-content\/uploads\/2025\/11\/BOCCIA SRL ISO 37001.pdf\">Iso 50001 \u21d3<\/a><\/span><\/h4>\n<h4 class=\"ovcert\" style=\"text-align: center;\"><span style=\"color: #ffffff;\"><a class=\"ovcert\" style=\"color: #ffffff;\" href=\"http:\/\/bocciasrl.com\/wp-content\/uploads\/2025\/11\/CERTIFICATO BOCCIA 21502.pdf\">Iso 21502 \u21d3<\/a><br \/>\n<\/span><\/h4>\n<h4 class=\"ovcert\" style=\"text-align: center;\"><span style=\"color: #ffffff;\"><a class=\"ovcert\" style=\"color: #ffffff;\" href=\"http:\/\/bocciasrl.com\/wp-content\/uploads\/2025\/11\/CERT_30415.pdf\">Iso 30415 \u21d3<\/a><br \/>\n<\/span><\/h4>\n<h4 class=\"ovcert\" style=\"text-align: center;\"><span style=\"color: #ffffff;\"><a class=\"ovcert\" style=\"color: #ffffff;\" href=\"http:\/\/bocciasrl.com\/wp-content\/uploads\/2025\/11\/CERT_14064 BOCCIA.pdf\">Iso 14064 &#8211; 1 \u21d3<\/a><\/span><\/h4>\n<h4 class=\"ovcert\" style=\"text-align: center;\"><span style=\"color: #ffffff;\"><a class=\"ovcert\" style=\"color: #ffffff;\" href=\"http:\/\/bocciasrl.com\/wp-content\/uploads\/2025\/11\/CERT_PDR125 BOCCIA PAR.GENERE.pdf\">Parit\u00e0 di Genere \u21d3<\/a><\/span><\/h4>\n<h4 class=\"ovcert\" style=\"text-align: center;\"><span style=\"color: #ffffff;\"><a class=\"ovcert\" style=\"color: #ffffff;\" href=\"http:\/\/bocciasrl.com\/wp-content\/uploads\/2025\/11\/F-GAS BOCCIA SRL.pdf\">F-GAS \u21d3<\/a><\/span><\/h4>\n<h4 class=\"ovcert\" style=\"text-align: center;\"><span style=\"color: #ffffff;\"><a class=\"ovcert\" style=\"color: #ffffff;\" href=\"http:\/\/www.bocciasrl.com\/wp-content\/uploads\/2016\/10\/PREMIO-CIVILTA-DEL-LAVORO.pdf\">Premio civilt\u00e0 del lavoro Regione Campania \u21d3<\/a><\/span><\/h4>\n<h4 class=\"ovcert\" style=\"text-align: center;\"><span style=\"color: #ffffff;\"><a class=\"ovcert\" style=\"color: #ffffff;\" href=\"http:\/\/bocciasrl.com\/wp-content\/uploads\/2025\/11\/Cassa Edile Awards 2025.pdf\">Cassa Edile Awards 2025 \u21d3<\/a><\/span><\/h4>\n<h4 class=\"ovcert\" style=\"text-align: center;\"><span style=\"color: #ffffff;\"><a class=\"ovcert\" style=\"color: #ffffff;\" href=\"http:\/\/bocciasrl.com\/wp-content\/uploads\/2025\/11\/Rating di legalit\u00e0_BOCCIA SRL.pdf\">Rating di legalita&#8217; \u21d3<\/a><\/span><\/h4>\n<p>[\/vc_column_text][\/vc_column_inner][\/vc_row_inner][\/vc_column][\/vc_row][vc_row][vc_column][vc_column_text]<\/p>\n<p style=\"text-align: center;\"><span style=\"color: #000000;\">Di seguito i criteri per la scelta dei nostri fornitori, le norme comportamentali, la nostra politica ambientale e per la qualit\u00e0.<\/span><\/p>\n<p>[\/vc_column_text][\/vc_column][\/vc_row][vc_row][vc_column width=&#8221;1\/2&#8243;][vc_btn title=&#8221;COME SCEGLIAMO I FORNITORI&#8221; style=&#8221;outline&#8221; shape=&#8221;square&#8221; color=&#8221;inverse&#8221; size=&#8221;lg&#8221; align=&#8221;center&#8221; button_block=&#8221;true&#8221; link=&#8221;url:www.bocciasrl.com\/index.php\/la-selezione-dei-nostri-fornitori\/&#8221;][\/vc_column][vc_column width=&#8221;1\/2&#8243;][vc_btn title=&#8221;CRITERI COMPORTAMENTALI PER I FORNITORI&#8221; style=&#8221;outline&#8221; shape=&#8221;square&#8221; color=&#8221;inverse&#8221; size=&#8221;lg&#8221; align=&#8221;center&#8221; button_block=&#8221;true&#8221; link=&#8221;url:www.bocciasrl.com\/index.php\/norme-per-i-fornitori\/&#8221;][\/vc_column][\/vc_row][vc_row][vc_column][vc_btn title=&#8221;POLITICA AMBIENTALE BOCCIA SRL &#8221; style=&#8221;outline&#8221; shape=&#8221;square&#8221; color=&#8221;inverse&#8221; size=&#8221;lg&#8221; align=&#8221;center&#8221; link=&#8221;url:http%3A%2F%2Fbocciasrl.com%2Fwp-content%2Fuploads%2F2025%2F11%2FPolitica%20ambientale%202025.pdf||target:%20_blank|&#8221; button_block=&#8221;true&#8221;][\/vc_column][\/vc_row][vc_row][vc_column][vc_btn title=&#8221;POLITICA PER LA QUALITA'&#8221; style=&#8221;outline&#8221; shape=&#8221;square&#8221; color=&#8221;inverse&#8221; size=&#8221;lg&#8221; align=&#8221;center&#8221; link=&#8221;url:http%3A%2F%2Fbocciasrl.com%2Fwp-content%2Fuploads%2F2025%2F11%2FPolitica%20ambientale%202025.pdf||target:%20_blank|&#8221; button_block=&#8221;true&#8221;][vc_btn title=&#8221;POLITICA D&amp;I PARITA&#8217; DI GENERE&#8221; style=&#8221;outline&#8221; shape=&#8221;square&#8221; color=&#8221;inverse&#8221; size=&#8221;lg&#8221; align=&#8221;center&#8221; link=&#8221;url:http%3A%2F%2Fbocciasrl.com%2Fwp-content%2Fuploads%2F2025%2F11%2FALL1-%20POLITICA%20D%26I.pdf||target:%20_blank|&#8221; button_block=&#8221;true&#8221;][\/vc_column][\/vc_row]<\/p>\n","protected":false},"excerpt":{"rendered":"<p>[vc_row][vc_column][vc_column_text] Qualit\u00e0 e Certificazioni La qualit\u00e0 \u00e8 al centro della nostra filosofia aziendale. Il nostro obiettivo primario \u00e8 rispondere in modo sempre pi\u00f9 efficace alle esigenze dei clienti, offrendo servizi affidabili, puntuali e realizzati a regola d\u2019arte, nel pieno rispetto degli standard tecnici e dei [&hellip;]<\/p>\n","protected":false},"author":1,"featured_media":0,"parent":0,"menu_order":0,"comment_status":"closed","ping_status":"closed","template":"","meta":[],"_links":{"self":[{"href":"https:\/\/www.bocciasrl.com\/index.php\/wp-json\/wp\/v2\/pages\/59"}],"collection":[{"href":"https:\/\/www.bocciasrl.com\/index.php\/wp-json\/wp\/v2\/pages"}],"about":[{"href":"https:\/\/www.bocciasrl.com\/index.php\/wp-json\/wp\/v2\/types\/page"}],"author":[{"embeddable":true,"href":"https:\/\/www.bocciasrl.com\/index.php\/wp-json\/wp\/v2\/users\/1"}],"replies":[{"embeddable":true,"href":"https:\/\/www.bocciasrl.com\/index.php\/wp-json\/wp\/v2\/comments?post=59"}],"version-history":[{"count":59,"href":"https:\/\/www.bocciasrl.com\/index.php\/wp-json\/wp\/v2\/pages\/59\/revisions"}],"predecessor-version":[{"id":558,"href":"https:\/\/www.bocciasrl.com\/index.php\/wp-json\/wp\/v2\/pages\/59\/revisions\/558"}],"wp:attachment":[{"href":"https:\/\/www.bocciasrl.com\/index.php\/wp-json\/wp\/v2\/media?parent=59"}],"curies":[{"name":"wp","href":"https:\/\/api.w.org\/{rel}","templated":true}]}}