{"id":51,"date":"2016-10-28T09:42:17","date_gmt":"2016-10-28T07:42:17","guid":{"rendered":"http:\/\/www.bocciasrl.com\/?page_id=51"},"modified":"2025-10-23T13:02:22","modified_gmt":"2025-10-23T11:02:22","slug":"azienda","status":"publish","type":"page","link":"https:\/\/www.bocciasrl.com\/index.php\/azienda\/","title":{"rendered":"Azienda"},"content":{"rendered":"<p>[vc_row full_width=&#8221;true&#8221; animation=&#8221;top-to-bottom&#8221; bg_attachment=&#8221;initial&#8221; css=&#8221;.vc_custom_1505751861638{background-position: center !important;background-repeat: no-repeat !important;background-size: cover !important;}&#8221; el_class=&#8221;sfondotop&#8221;][vc_column][vc_single_image image=&#8221;323&#8243; img_size=&#8221;full&#8221; alignment=&#8221;center&#8221;][\/vc_column][\/vc_row][vc_row][vc_column width=&#8221;1\/6&#8243;][\/vc_column][vc_column width=&#8221;2\/3&#8243;][vc_empty_space][vc_column_text]<span style=\"color: #000000;\">La Societ\u00e0 <strong>BOCCIA srl<\/strong> con sede&nbsp; principale in OTTAVIANO (NA) \u00e8 presente nel settore dell\u2019edilizia pubblica e privata da diversi decenni. L\u2019azienda ha consolidato negli anni la capacit\u00e0 di fornire numerosi servizi nell\u2019ambito civile.<\/span>[\/vc_column_text][vc_empty_space][vc_btn title=&#8221;SCARICA LA BROCHURE&#8221; style=&#8221;flat&#8221; shape=&#8221;square&#8221; size=&#8221;lg&#8221; align=&#8221;center&#8221; css_animation=&#8221;appear&#8221; link=&#8221;url:http%3A%2F%2Fbocciasrl.com%2Fwp-content%2Fuploads%2F2025%2F11%2FPresentazione%20Aziendale%20Boccia%20Srl.pdf|||&#8221; button_block=&#8221;true&#8221;][vc_empty_space][vc_column_text]<span style=\"font-weight: 400;\">Da oltre trent\u2019anni operiamo nei <\/span><b>settori edilizio, impiantistico e delle telecomunicazioni,<\/b><span style=\"font-weight: 400;\"> offrendo soluzioni integrate e servizi ad alto contenuto tecnologico su tutto il territorio nazionale.<\/span><\/p>\n<p><span style=\"font-weight: 400;\">Siamo specializzati nella<\/span><b> realizzazione, ristrutturazione e manutenzione<\/b><span style=\"font-weight: 400;\"> di edifici civili e industriali, nella <\/span><b>progettazione e installazione di impianti tecnologici avanzati<\/b><span style=\"font-weight: 400;\">, e nella <\/span><b>costruzione di Stazioni Radio Base<\/b><span style=\"font-weight: 400;\"> (SRB) per la telefonia mobile, comprese tutte le opere edili accessorie come fondazioni, pali, plinti, recinzioni e strutture in elevazione.<\/span><\/p>\n<p><span style=\"font-weight: 400;\">La nostra forza \u00e8 l\u2019affidabilit\u00e0: rispondiamo con prontezza anche alle richieste pi\u00f9 complesse, offrendo <\/span><b>servizi di pronto intervento<\/b><span style=\"font-weight: 400;\">, manutenzioni programmate e soluzioni tecniche personalizzate.<\/span><\/p>\n<p><span style=\"font-weight: 400;\">Siamo certificati secondo i pi\u00f9 alti standard del settore.\u00a0<\/span><\/p>\n<div class=\"row cshero-row-quote\">\n<div class=\"row cshero-row-quote\"><span class=\"col-xs-12 col-sm-12 col-md-10 col-lg-8 col-md-offset-1 col-lg-offset-2 cs-quote-style-2\"><strong>OG1<\/strong>\u00a0class IVbis \u2013 <strong>OG3<\/strong> class I <strong>&#8211; OG11 <\/strong>class III \u2013<strong> OS6<\/strong> class I &#8211; <strong>OS7<\/strong> class I &#8211; <strong>OS8<\/strong> class I &#8211; <strong>OS19<\/strong> class II ed <strong>OS30<\/strong> class IIIbis \u2013 <\/span><span class=\"col-xs-12 col-sm-12 col-md-10 col-lg-8 col-md-offset-1 col-lg-offset-2 cs-quote-style-2\">nonch\u00e9 di certificazione <strong>ISO 9001:2015,<\/strong>\u00a0<strong>ISO 14001:2015, ISO 45001:2018 ISO 37001:2016, ISO 50001:2018, ISO 21502:2020, ISO 30415:2021, UNI\/PdR 125:2022 Parit\u00e0 di Genere, SA8000:2014<\/strong><\/span><\/div>\n<\/div>\n<p><span style=\"font-weight: 400;\">Questi riconoscimenti testimoniano il nostro impegno costante verso <b>qualit\u00e0, sicurezza, sostenibilit\u00e0, etica e parit\u00e0 di genere<\/b>.<\/span><\/p>\n<p>Collaboriamo con <b>importanti realt\u00e0 nazionali<\/b><span style=\"font-weight: 400;\"> come <\/span><b>TELECOM ITALIA, TIM, INWIT, FIBERCOP, TRENITALIA, ANAS, RAI, POSTE ITALIANE, CDP e RFI<\/b><span style=\"font-weight: 400;\">, oltre che con <\/span><b>istituzioni e universit\u00e0<\/b><span style=\"font-weight: 400;\"> come l\u2019<\/span><b>Universit\u00e0 degli Studi di Salerno<\/b><span style=\"font-weight: 400;\"> e l\u2019<\/span><b>Universit\u00e0 Federico II di Napoli<\/b><span style=\"font-weight: 400;\">.<\/span><\/p>\n<p><span style=\"font-weight: 400;\">Dal 2017, con la nuova sede di <\/span><b>Milano<\/b><span style=\"font-weight: 400;\">, abbiamo ampliato la nostra presenza in tutta Italia, continuando a crescere e a investire in <\/span><b>innovazione tecnologica, efficientamento energetico e sostenibilit\u00e0 ambientale<\/b><span style=\"font-weight: 400;\">.<\/span><\/p>\n<p><span style=\"font-weight: 400;\">Sceglierci significa affidarsi a un <\/span><b>partner solido, certificato e orientato ai risultati<\/b><span style=\"font-weight: 400;\">, capace di garantire <\/span><b>professionalit\u00e0, trasparenza e valore nel tempo<\/b><span style=\"font-weight: 400;\"> in ogni progetto.<\/span><span style=\"font-weight: 400;\"><br \/>\n<\/span>[\/vc_column_text][vc_empty_space][\/vc_column][vc_column width=&#8221;1\/6&#8243;][\/vc_column][\/vc_row]<\/p>\n","protected":false},"excerpt":{"rendered":"<p>[vc_row full_width=&#8221;true&#8221; animation=&#8221;top-to-bottom&#8221; bg_attachment=&#8221;initial&#8221; css=&#8221;.vc_custom_1505751861638{background-position: center !important;background-repeat: no-repeat !important;background-size: cover !important;}&#8221; el_class=&#8221;sfondotop&#8221;][vc_column][vc_single_image image=&#8221;323&#8243; img_size=&#8221;full&#8221; alignment=&#8221;center&#8221;][\/vc_column][\/vc_row][vc_row][vc_column width=&#8221;1\/6&#8243;][\/vc_column][vc_column width=&#8221;2\/3&#8243;][vc_empty_space][vc_column_text]La Societ\u00e0 BOCCIA srl con sede&nbsp; principale in OTTAVIANO (NA) \u00e8 presente nel settore dell\u2019edilizia pubblica e privata da diversi decenni. L\u2019azienda ha consolidato negli anni la capacit\u00e0 di [&hellip;]<\/p>\n","protected":false},"author":1,"featured_media":0,"parent":0,"menu_order":0,"comment_status":"closed","ping_status":"closed","template":"page.php","meta":[],"_links":{"self":[{"href":"https:\/\/www.bocciasrl.com\/index.php\/wp-json\/wp\/v2\/pages\/51"}],"collection":[{"href":"https:\/\/www.bocciasrl.com\/index.php\/wp-json\/wp\/v2\/pages"}],"about":[{"href":"https:\/\/www.bocciasrl.com\/index.php\/wp-json\/wp\/v2\/types\/page"}],"author":[{"embeddable":true,"href":"https:\/\/www.bocciasrl.com\/index.php\/wp-json\/wp\/v2\/users\/1"}],"replies":[{"embeddable":true,"href":"https:\/\/www.bocciasrl.com\/index.php\/wp-json\/wp\/v2\/comments?post=51"}],"version-history":[{"count":23,"href":"https:\/\/www.bocciasrl.com\/index.php\/wp-json\/wp\/v2\/pages\/51\/revisions"}],"predecessor-version":[{"id":545,"href":"https:\/\/www.bocciasrl.com\/index.php\/wp-json\/wp\/v2\/pages\/51\/revisions\/545"}],"wp:attachment":[{"href":"https:\/\/www.bocciasrl.com\/index.php\/wp-json\/wp\/v2\/media?parent=51"}],"curies":[{"name":"wp","href":"https:\/\/api.w.org\/{rel}","templated":true}]}}